{"id":726,"date":"2024-04-23T17:12:39","date_gmt":"2024-04-23T17:12:39","guid":{"rendered":"https:\/\/seamconsult.net\/datenschutzbestimmungen\/"},"modified":"2024-04-23T17:12:40","modified_gmt":"2024-04-23T17:12:40","slug":"datenschutzbestimmungen","status":"publish","type":"page","link":"https:\/\/seamconsult.net\/de\/datenschutzbestimmungen\/","title":{"rendered":"Datenschutzbestimmungen"},"content":{"rendered":"<p>[et_pb_section fb_built=&#8220;1&#8243; _builder_version=&#8220;4.16&#8243; use_background_color_gradient=&#8220;on&#8220; background_color_gradient_stops=&#8220;rgba(0,0,0,0.43) 0%|rgba(0,0,0,0.43) 100%&#8220; background_color_gradient_overlays_image=&#8220;on&#8220; background_color_gradient_start=&#8220;rgba(0,0,0,0.43)&#8220; background_color_gradient_end=&#8220;rgba(0,0,0,0.43)&#8220; background_image=&#8220;https:\/\/seamconsult.net\/wp-content\/uploads\/2021\/11\/pexels-andrea-piacquadio-927022-scaled.jpg&#8220; custom_padding=&#8220;12.1%||12.1%||true|false&#8220; global_colors_info=&#8220;{}&#8220;][et_pb_row use_custom_gutter=&#8220;on&#8220; gutter_width=&#8220;2&#8243; make_equal=&#8220;on&#8220; _builder_version=&#8220;4.16&#8243; width=&#8220;90%&#8220; width_tablet=&#8220;90%&#8220; width_phone=&#8220;90%&#8220; width_last_edited=&#8220;on|tablet&#8220; max_width=&#8220;1180px&#8220; max_width_tablet=&#8220;90%&#8220; max_width_phone=&#8220;90%&#8220; max_width_last_edited=&#8220;on|phone&#8220; global_colors_info=&#8220;{}&#8220;][et_pb_column type=&#8220;4_4&#8243; _builder_version=&#8220;4.16&#8243; global_colors_info=&#8220;{}&#8220;][et_pb_text _builder_version=&#8220;4.16&#8243; header_font=&#8220;Montserrat|700||on|||||&#8220; header_text_align=&#8220;center&#8220; header_text_color=&#8220;#ffffff&#8220; header_font_size=&#8220;60px&#8220; animation_style=&#8220;fade&#8220; header_font_size_tablet=&#8220;45px&#8220; header_font_size_phone=&#8220;30px&#8220; header_font_size_last_edited=&#8220;on|desktop&#8220; global_colors_info=&#8220;{}&#8220;]<\/p>\n<h1><span><span class=\"ui-provider a b c d e f g h i j k l m n o p q r s t u v w x y z ab ac ae af ag ah ai aj ak\" dir=\"ltr\">SEAM Consult&#8217;s PRIVACY Policy:<\/span><\/span><\/h1>\n<p>[\/et_pb_text][\/et_pb_column][\/et_pb_row][\/et_pb_section][et_pb_section fb_built=&#8220;1&#8243; _builder_version=&#8220;4.16&#8243; background_enable_image=&#8220;off&#8220; background_size=&#8220;initial&#8220; background_repeat=&#8220;repeat&#8220; custom_padding=&#8220;60px||0px|||&#8220; global_colors_info=&#8220;{}&#8220;][et_pb_row use_custom_gutter=&#8220;on&#8220; gutter_width=&#8220;2&#8243; make_equal=&#8220;on&#8220; _builder_version=&#8220;4.16&#8243; width=&#8220;90%&#8220; width_tablet=&#8220;90%&#8220; width_phone=&#8220;90%&#8220; width_last_edited=&#8220;on|tablet&#8220; max_width=&#8220;1180px&#8220; max_width_tablet=&#8220;90%&#8220; max_width_phone=&#8220;90%&#8220; max_width_last_edited=&#8220;on|phone&#8220; custom_padding=&#8220;70px||70px||false|false&#8220; global_colors_info=&#8220;{}&#8220;][et_pb_column type=&#8220;4_4&#8243; _builder_version=&#8220;4.16&#8243; global_colors_info=&#8220;{}&#8220;][et_pb_text _builder_version=&#8220;4.16&#8243; text_font=&#8220;Montserrat|800|||||||&#8220; text_text_color=&#8220;#272727&#8243; text_font_size=&#8220;32px&#8220; text_letter_spacing=&#8220;-1px&#8220; text_line_height=&#8220;1.3em&#8220; text_orientation=&#8220;center&#8220; width_tablet=&#8220;&#8220; width_phone=&#8220;80%&#8220; width_last_edited=&#8220;on|phone&#8220; module_alignment=&#8220;center&#8220; custom_margin=&#8220;-8px||||false|false&#8220; custom_margin_tablet=&#8220;-18px||||false|false&#8220; custom_margin_phone=&#8220;-18px||||false|false&#8220; custom_margin_last_edited=&#8220;on|desktop&#8220; animation_style=&#8220;fade&#8220; animation_duration=&#8220;1400ms&#8220; animation_delay=&#8220;500ms&#8220; text_font_size_tablet=&#8220;&#8220; text_font_size_phone=&#8220;25px&#8220; text_font_size_last_edited=&#8220;on|desktop&#8220; text_text_align=&#8220;center&#8220; global_colors_info=&#8220;{}&#8220;]<\/p>\n<ul>\n<li style=\"text-align: left;\">\n<h2><span style=\"font-size: x-large;\"><strong>Datenschutzbestimmungen<\/strong><\/span><\/h2>\n<h2><span style=\"font-size: medium;\"><strong>SEAM Consult BV verpflichtet sich zum Schutz der Privatsph\u00e4re unserer Nutzer. Diese Datenschutzrichtlinie beschreibt, wie wir Ihre Daten erfassen, verwenden, weitergeben und sch\u00fctzen, wenn Sie unsere Website [YourWebsiteURL .com] (im Folgenden &#8222;unsere Website&#8220;) besuchen. Bitte lesen Sie diese Datenschutzrichtlinie sorgf\u00e4ltig durch. Wenn Sie mit den Bedingungen dieser Datenschutzrichtlinie nicht einverstanden sind, bitten wir Sie, die Website nicht zu besuchen.<\/strong><\/span><\/h2>\n<\/li>\n<li style=\"text-align: left;\">\n<h2><span style=\"font-size: medium;\"><strong><\/strong><\/span><\/h2>\n<h2><span style=\"font-size: x-large;\"><strong>Informationen, die wir sammeln<\/strong><\/span><\/h2>\n<h2><span style=\"font-size: medium;\"><strong>Wir k\u00f6nnen pers\u00f6nliche Daten von Ihnen erfassen, wie z.B. Ihren Namen oder Ihre E-Mail-Adresse. Sie k\u00f6nnen beispielsweise freiwillig Informationen an unsere Website \u00fcbermitteln, indem Sie einen Kommentar hinterlassen, sich f\u00fcr einen Newsletter anmelden oder ein Kontaktformular ausf\u00fcllen.<\/strong><\/span><\/h2>\n<\/li>\n<li style=\"text-align: left;\">\n<h2><span style=\"font-size: medium;\"><strong><\/strong><\/span><\/h2>\n<h2><span style=\"font-size: x-large;\"><strong>Automatisch gesammelte Informationen<\/strong><\/span><\/h2>\n<h2><span style=\"font-size: medium;\"><strong>Wir sammeln automatisch bestimmte Informationen \u00fcber Sie und das Ger\u00e4t, mit dem Sie auf unsere Website zugreifen. Wenn Sie zum Beispiel unsere Website nutzen, protokollieren wir Ihre IP-Adresse, den Typ Ihres Betriebssystems, den Typ Ihres Browsers, die verweisende Website, die von Ihnen besuchten Seiten und die Daten\/Uhrzeiten, zu denen Sie die Website aufgerufen haben. Wir k\u00f6nnen auch Informationen \u00fcber Aktionen sammeln, die Sie bei der Nutzung der Website durchf\u00fchren, wie z. B. angeklickte Links.<\/strong><\/span><\/h2>\n<\/li>\n<li style=\"text-align: left;\">\n<h2><span style=\"font-size: medium;\"><strong><\/strong><\/span><\/h2>\n<h2><span style=\"font-size: x-large;\"><strong>Cookies<\/strong><\/span><\/h2>\n<h2><span style=\"font-size: medium;\"><strong>Wir k\u00f6nnen Cookies verwenden, um Informationen \u00fcber Sie und Ihre Nutzung unserer Website zu sammeln. Cookies sind kleine Datendateien, die von einer Website auf Ihrer Festplatte gespeichert werden. Wir k\u00f6nnen sowohl Sitzungscookies (die ablaufen, sobald Sie Ihren Webbrowser schlie\u00dfen) als auch dauerhafte Cookies (die auf Ihrem Computer verbleiben, bis Sie sie l\u00f6schen) verwenden, um Ihnen eine pers\u00f6nlichere und interaktivere Erfahrung auf unserer Website zu erm\u00f6glichen.<\/strong><\/span><\/h2>\n<\/li>\n<li style=\"text-align: left;\">\n<h2><span style=\"font-size: medium;\"><strong><\/strong><\/span><\/h2>\n<h2><span style=\"font-size: x-large;\"><strong>Wie wir Ihre Informationen verwenden<\/strong><\/span><\/h2>\n<h2><span style=\"font-size: medium;\"><strong>Wir k\u00f6nnen die Informationen, die wir von Ihnen beim Besuch unserer Website sammeln, auf folgende Weise verwenden:<\/strong><\/span><\/h2>\n<ul>\n<li>\n<h2><span style=\"font-size: medium;\"><strong>Um Ihre Erfahrung zu personalisieren und um uns zu erm\u00f6glichen, Ihnen die Art von Inhalten und Produktangeboten zu liefern, an denen Sie am meisten interessiert sind.<\/strong><\/span><\/h2>\n<\/li>\n<li>\n<h2><span style=\"font-size: medium;\"><strong>Um unsere Website zu verbessern, damit wir Ihnen besser dienen k\u00f6nnen.<\/strong><\/span><\/h2>\n<\/li>\n<li>\n<h2><span style=\"font-size: medium;\"><strong>Zum Versenden regelm\u00e4\u00dfiger E-Mails \u00fcber Updates, Werbeaktionen oder andere Produkte und Dienstleistungen.<\/strong><\/span><\/h2>\n<\/li>\n<\/ul>\n<\/li>\n<li style=\"text-align: left;\">\n<h2 style=\"text-align: left;\"><span style=\"font-size: x-large;\"><strong>Verwendung personenbezogener Daten durch Dritte<\/strong><\/span><\/h2>\n<h2><span style=\"font-size: medium;\"><strong>Wir k\u00f6nnen Ihre Daten an Dritte weitergeben, wenn Sie uns ausdr\u00fccklich dazu erm\u00e4chtigt haben, Ihre Daten weiterzugeben.<\/strong><\/span><\/h2>\n<\/li>\n<li style=\"text-align: left;\">\n<h2><span style=\"font-size: medium;\"><strong><\/strong><\/span><strong style=\"font-size: x-large;\">Sicherheit<\/strong><\/h2>\n<h2><span style=\"font-size: medium;\"><strong>Wir ergreifen angemessene Ma\u00dfnahmen, um Ihre Daten vor unbefugtem Zugriff oder vor Verlust, Missbrauch oder Ver\u00e4nderung durch Dritte zu sch\u00fctzen.<\/strong><\/span><\/h2>\n<p><span style=\"font-size: medium;\"><strong><\/strong><\/span><\/li>\n<li style=\"text-align: left;\">\n<h2><span style=\"font-size: medium;\"><strong><\/strong><\/span><span style=\"font-size: x-large;\"><strong>\u00c4nderungen an dieser Datenschutzrichtlinie<\/strong><\/span><\/h2>\n<h2><span style=\"font-size: medium;\"><strong>Wir k\u00f6nnen unsere Datenschutzrichtlinie von Zeit zu Zeit aktualisieren. Wir werden Sie \u00fcber alle \u00c4nderungen informieren, indem wir die neue Datenschutzrichtlinie auf dieser Seite ver\u00f6ffentlichen.<\/strong><\/span><\/h2>\n<\/li>\n<li style=\"text-align: left;\">\n<h2><span style=\"font-size: medium;\"><strong><\/strong><\/span><strong style=\"font-size: x-large;\">Kontaktieren Sie uns<\/strong><\/h2>\n<h2><span style=\"font-size: medium;\"><strong>Wenn Sie Fragen oder Anregungen zu unserer Datenschutzrichtlinie haben, z\u00f6gern Sie nicht, uns unter info@seamconsult.net zu kontaktieren.<\/strong><\/span><\/h2>\n<\/li>\n<\/ul>\n<p>[\/et_pb_text][et_pb_code _builder_version=&#8220;4.16&#8243; global_colors_info=&#8220;{}&#8220;]<\/p>\n<style>.et_contact_bottom_container {<!-- [et_pb_line_break_holder] -->    float: none;<!-- [et_pb_line_break_holder] -->    text-align: center;<!-- [et_pb_line_break_holder] -->}<\/style>\n<p>[\/et_pb_code][\/et_pb_column][\/et_pb_row][et_pb_row column_structure=&#8220;1_4,1_4,1_4,1_4&#8243; use_custom_gutter=&#8220;on&#8220; gutter_width=&#8220;2&#8243; make_equal=&#8220;on&#8220; _builder_version=&#8220;4.16&#8243; width=&#8220;90%&#8220; width_tablet=&#8220;90%&#8220; width_phone=&#8220;90%&#8220; width_last_edited=&#8220;on|tablet&#8220; max_width=&#8220;1180px&#8220; max_width_tablet=&#8220;90%&#8220; max_width_phone=&#8220;90%&#8220; max_width_last_edited=&#8220;on|phone&#8220; custom_padding=&#8220;6px||12px||false|false&#8220; global_colors_info=&#8220;{}&#8220;][et_pb_column type=&#8220;1_4&#8243; _builder_version=&#8220;4.16&#8243; background_color=&#8220;#E7E2DA&#8220; global_colors_info=&#8220;{}&#8220;][et_pb_text _builder_version=&#8220;4.16&#8243; text_font=&#8220;||||||||&#8220; text_text_color=&#8220;#454444&#8243; text_font_size=&#8220;16px&#8220; text_line_height=&#8220;1.3em&#8220; header_2_font=&#8220;Montserrat|800|||||||&#8220; header_2_font_size=&#8220;20px&#8220; background_color=&#8220;#E7E2DA&#8220; text_orientation=&#8220;center&#8220; custom_margin=&#8220;||||false|false&#8220; custom_margin_tablet=&#8220;-18px||||false|false&#8220; custom_margin_phone=&#8220;-18px||||false|false&#8220; custom_margin_last_edited=&#8220;on|desktop&#8220; custom_padding=&#8220;10%||10%||true|false&#8220; animation_style=&#8220;fade&#8220; animation_duration=&#8220;1400ms&#8220; animation_delay=&#8220;500ms&#8220; text_font_size_tablet=&#8220;&#8220; text_font_size_phone=&#8220;16px&#8220; text_font_size_last_edited=&#8220;on|phone&#8220; text_text_align=&#8220;center&#8220; global_colors_info=&#8220;{}&#8220;]<\/p>\n<h2><span style=\"color: #000000;\">F\u00fcr Informationen<\/span><\/h2>\n<p><span style=\"color: #000000;\">Bitte anrufen:<\/span><br \/> <span style=\"color: #000000;\"> <a href=\"tel:00491785140500\" style=\"color: #000000;\">+ 49 178 514 0500<br \/>+31 6 12 99 66 95<\/a><\/span><\/p>\n<p>[\/et_pb_text][\/et_pb_column][et_pb_column type=&#8220;1_4&#8243; _builder_version=&#8220;4.16&#8243; background_color=&#8220;#E7E2DA&#8220; global_colors_info=&#8220;{}&#8220;][et_pb_text _builder_version=&#8220;4.16&#8243; text_font=&#8220;||||||||&#8220; text_text_color=&#8220;#454444&#8243; text_font_size=&#8220;16px&#8220; text_line_height=&#8220;1.3em&#8220; header_2_font=&#8220;Montserrat|800|||||||&#8220; header_2_font_size=&#8220;20px&#8220; background_color=&#8220;#E7E2DA&#8220; text_orientation=&#8220;center&#8220; custom_margin=&#8220;||||false|false&#8220; custom_margin_tablet=&#8220;-18px||||false|false&#8220; custom_margin_phone=&#8220;-18px||||false|false&#8220; custom_margin_last_edited=&#8220;on|desktop&#8220; custom_padding=&#8220;10%||10%||true|false&#8220; animation_style=&#8220;fade&#8220; animation_duration=&#8220;1400ms&#8220; animation_delay=&#8220;500ms&#8220; text_font_size_tablet=&#8220;&#8220; text_font_size_phone=&#8220;16px&#8220; text_font_size_last_edited=&#8220;on|phone&#8220; text_text_align=&#8220;center&#8220; global_colors_info=&#8220;{}&#8220;]<\/p>\n<h2><span style=\"color: #000000;\">Allgemeine E-Mail Adresse<\/span><\/h2>\n<div class=\"cm_column cm-container-medium cm-container-no-columns-2\">\n<p><span style=\"color: #000000;\"><a href=\"mailto:info@seamconsult.net\" style=\"color: #000000;\">info@seamconsult.net<\/a><\/span><\/p>\n<\/div>\n<p>[\/et_pb_text][\/et_pb_column][et_pb_column type=&#8220;1_4&#8243; _builder_version=&#8220;4.16&#8243; global_colors_info=&#8220;{}&#8220;][et_pb_text _builder_version=&#8220;4.16&#8243; text_font=&#8220;||||||||&#8220; text_text_color=&#8220;#454444&#8243; text_font_size=&#8220;16px&#8220; text_line_height=&#8220;1.3em&#8220; header_2_font=&#8220;Montserrat|800|||||||&#8220; header_2_font_size=&#8220;20px&#8220; background_color=&#8220;#E7E2DA&#8220; text_orientation=&#8220;center&#8220; custom_margin=&#8220;||||false|false&#8220; custom_margin_tablet=&#8220;-18px||||false|false&#8220; custom_margin_phone=&#8220;-18px||||false|false&#8220; custom_margin_last_edited=&#8220;on|desktop&#8220; custom_padding=&#8220;10%||10%||true|false&#8220; animation_style=&#8220;fade&#8220; animation_duration=&#8220;1400ms&#8220; animation_delay=&#8220;500ms&#8220; text_font_size_tablet=&#8220;&#8220; text_font_size_phone=&#8220;16px&#8220; text_font_size_last_edited=&#8220;on|phone&#8220; text_text_align=&#8220;center&#8220; global_colors_info=&#8220;{}&#8220;]<\/p>\n<h2>Standort Niederlande<\/h2>\n<p><span>Houtlaan 69a<br \/>  9403EV Assen<br \/>  Die Niederlande<\/span><\/p>\n<p>[\/et_pb_text][\/et_pb_column][et_pb_column type=&#8220;1_4&#8243; _builder_version=&#8220;4.16&#8243; global_colors_info=&#8220;{}&#8220;][et_pb_text _builder_version=&#8220;4.16&#8243; text_font=&#8220;||||||||&#8220; text_text_color=&#8220;#454444&#8243; text_font_size=&#8220;16px&#8220; text_line_height=&#8220;1.3em&#8220; header_2_font=&#8220;Montserrat|800|||||||&#8220; header_2_font_size=&#8220;20px&#8220; background_color=&#8220;#E7E2DA&#8220; text_orientation=&#8220;center&#8220; custom_margin=&#8220;||||false|false&#8220; custom_margin_tablet=&#8220;-18px||||false|false&#8220; custom_margin_phone=&#8220;-18px||||false|false&#8220; custom_margin_last_edited=&#8220;on|desktop&#8220; custom_padding=&#8220;10%||10%||true|false&#8220; animation_style=&#8220;fade&#8220; animation_duration=&#8220;1400ms&#8220; animation_delay=&#8220;500ms&#8220; text_font_size_tablet=&#8220;&#8220; text_font_size_phone=&#8220;16px&#8220; text_font_size_last_edited=&#8220;on|phone&#8220; text_text_align=&#8220;center&#8220; global_colors_info=&#8220;{}&#8220;]<\/p>\n<h2>Standort Deutschland<\/h2>\n<div class=\"cm_column cm-container-medium cm-container-no-columns-2\">\n<p>Geschwister-Scholl-Stra\u00dfe 21<br \/>  74523 Schw\u00e4bisch Hall<br \/>  Deutschland<\/p>\n<\/div>\n<div class=\"cm_column cm-container-medium cm-container-no-columns-2\">\n<p><strong><\/strong><\/p>\n<\/div>\n<p>[\/et_pb_text][\/et_pb_column][\/et_pb_row][\/et_pb_section][et_pb_section fb_built=&#8220;1&#8243; _builder_version=&#8220;4.9.0&#8243; background_color=&#8220;#202020&#8243; custom_padding=&#8220;60px||60px||true|&#8220; global_module=&#8220;160&#8243; saved_tabs=&#8220;all&#8220; global_colors_info=&#8220;{}&#8220;][et_pb_row column_structure=&#8220;1_2,1_4,1_4&#8243; use_custom_gutter=&#8220;on&#8220; gutter_width=&#8220;2&#8243; make_equal=&#8220;on&#8220; _builder_version=&#8220;4.16&#8243; width=&#8220;90%&#8220; width_tablet=&#8220;90%&#8220; width_phone=&#8220;90%&#8220; width_last_edited=&#8220;on|tablet&#8220; max_width=&#8220;1180px&#8220; max_width_tablet=&#8220;90%&#8220; max_width_phone=&#8220;90%&#8220; max_width_last_edited=&#8220;on|phone&#8220; global_colors_info=&#8220;{}&#8220;][et_pb_column type=&#8220;1_2&#8243; _builder_version=&#8220;4.16&#8243; global_colors_info=&#8220;{}&#8220;][et_pb_image src=&#8220;https:\/\/seamconsult.net\/wp-content\/uploads\/2021\/11\/seam_witte-tekst_1-1.png&#8220; title_text=&#8220;seam_witte tekst_1&#8243; _builder_version=&#8220;4.16&#8243; _module_preset=&#8220;default&#8220; width=&#8220;50%&#8220; global_colors_info=&#8220;{}&#8220;][\/et_pb_image][\/et_pb_column][et_pb_column type=&#8220;1_4&#8243; _builder_version=&#8220;4.16&#8243; global_colors_info=&#8220;{}&#8220;][et_pb_text _builder_version=&#8220;4.16&#8243; text_font=&#8220;|600|||||||&#8220; text_text_color=&#8220;rgba(255,255,255,0.3)&#8220; text_font_size=&#8220;18px&#8220; text_letter_spacing=&#8220;2px&#8220; text_line_height=&#8220;1.3em&#8220; text_text_align=&#8220;left&#8220; global_colors_info=&#8220;{}&#8220;]<\/p>\n<p>UNSERE L\u00d6SUNGEN<\/p>\n<p>[\/et_pb_text][et_pb_text _builder_version=&#8220;4.16&#8243; text_font=&#8220;||||||||&#8220; text_text_color=&#8220;#ffffff&#8220; text_line_height=&#8220;1.8em&#8220; custom_margin=&#8220;26px||||false|false&#8220; global_colors_info=&#8220;{}&#8220;]<\/p>\n<p><span style=\"color: #ffffff;\"><a href=\"https:\/\/seamconsult.net\/application-packaging\/\" style=\"color: #ffffff;\">Anwendung Paketierung<\/a><\/span><br \/> <span style=\"color: #ffffff;\"> <a href=\"https:\/\/seamconsult.net\/application-migration-consultancy\/\" style=\"color: #ffffff;\">Beratung zur Anwendungsmigration<\/a><\/span><br \/> <span style=\"color: #ffffff;\"> <a href=\"https:\/\/seamconsult.net\/migration\/\" style=\"color: #ffffff;\">Mirgration<\/a><\/span><br \/> <span style=\"color: #ffffff;\"> <a href=\"https:\/\/seamconsult.net\/application-virtualisation\/\" style=\"color: #ffffff;\">Anwendungsvirtualisierung<\/a><\/span><\/p>\n<p>[\/et_pb_text][\/et_pb_column][et_pb_column type=&#8220;1_4&#8243; _builder_version=&#8220;4.16&#8243; global_colors_info=&#8220;{}&#8220;][et_pb_text _builder_version=&#8220;4.16&#8243; text_font=&#8220;|600|||||||&#8220; text_text_color=&#8220;rgba(255,255,255,0.3)&#8220; text_font_size=&#8220;18px&#8220; text_letter_spacing=&#8220;2px&#8220; text_line_height=&#8220;1.3em&#8220; text_text_align=&#8220;left&#8220; global_colors_info=&#8220;{}&#8220;]<\/p>\n<p>KONTAKT<\/p>\n<p>[\/et_pb_text][et_pb_text _builder_version=&#8220;4.16&#8243; text_font=&#8220;||||||||&#8220; text_text_color=&#8220;#ffffff&#8220; text_line_height=&#8220;1.8em&#8220; custom_margin=&#8220;26px||||false|false&#8220; global_colors_info=&#8220;{}&#8220;]<\/p>\n<p><span style=\"color: #ffffff;\"><a href=\"mailto:info@seamconsult.net\" style=\"color: #ffffff;\"><span color=\"#ffffff\">info@seamconsult.net<\/span><\/a><\/span><\/p>\n<p><span style=\"color: #ffffff;\">F\u00fcr Informationen<\/span><br \/> <span style=\"color: #ffffff;\"> <a href=\"tel:00491785140500%20\" style=\"color: #ffffff;\">+49 178 514 0500  <\/a><br \/><a href=\"tel:00491785140500\" style=\"color: #ffffff;\">+31 6 12 99 66 95<\/a><br \/><\/span><\/p>\n<p>[\/et_pb_text][\/et_pb_column][\/et_pb_row][\/et_pb_section]<\/p>\n","protected":false},"excerpt":{"rendered":"<p>SEAM Consult&#8217;s PRIVACY Policy: Datenschutzbestimmungen SEAM Consult BV verpflichtet sich zum Schutz der Privatsph\u00e4re unserer Nutzer. Diese Datenschutzrichtlinie beschreibt, wie wir Ihre Daten erfassen, verwenden, weitergeben und sch\u00fctzen, wenn Sie unsere Website [YourWebsiteURL .com] (im Folgenden &#8222;unsere Website&#8220;) besuchen. Bitte lesen Sie diese Datenschutzrichtlinie sorgf\u00e4ltig durch. Wenn Sie mit den Bedingungen dieser Datenschutzrichtlinie nicht einverstanden [&hellip;]<\/p>\n","protected":false},"author":2,"featured_media":0,"parent":0,"menu_order":0,"comment_status":"closed","ping_status":"closed","template":"","meta":{"_et_pb_use_builder":"on","_et_pb_old_content":"","_et_gb_content_width":"","footnotes":""},"class_list":["post-726","page","type-page","status-publish","hentry"],"_links":{"self":[{"href":"https:\/\/seamconsult.net\/de\/wp-json\/wp\/v2\/pages\/726","targetHints":{"allow":["GET"]}}],"collection":[{"href":"https:\/\/seamconsult.net\/de\/wp-json\/wp\/v2\/pages"}],"about":[{"href":"https:\/\/seamconsult.net\/de\/wp-json\/wp\/v2\/types\/page"}],"author":[{"embeddable":true,"href":"https:\/\/seamconsult.net\/de\/wp-json\/wp\/v2\/users\/2"}],"replies":[{"embeddable":true,"href":"https:\/\/seamconsult.net\/de\/wp-json\/wp\/v2\/comments?post=726"}],"version-history":[{"count":2,"href":"https:\/\/seamconsult.net\/de\/wp-json\/wp\/v2\/pages\/726\/revisions"}],"predecessor-version":[{"id":728,"href":"https:\/\/seamconsult.net\/de\/wp-json\/wp\/v2\/pages\/726\/revisions\/728"}],"wp:attachment":[{"href":"https:\/\/seamconsult.net\/de\/wp-json\/wp\/v2\/media?parent=726"}],"curies":[{"name":"wp","href":"https:\/\/api.w.org\/{rel}","templated":true}]}}